{"id":15176,"date":"2020-11-23T05:54:49","date_gmt":"2020-11-23T05:54:49","guid":{"rendered":"https:\/\/turundus.eu\/leht\/likvideerimine\/?page_id=15176"},"modified":"2022-08-04T10:11:06","modified_gmt":"2022-08-04T10:11:06","slug":"%d0%b3%d0%bb%d0%b0%d0%b2%d0%bd%d0%b0%d1%8f","status":"publish","type":"page","link":"https:\/\/www.likvideerimine.ee\/ru\/","title":{"rendered":"\u0413\u043b\u0430\u0432\u043d\u0430\u044f"},"content":{"rendered":"<p>[vc_row drbt-responsive-css=&#187;67292476|colbreak_no|||||||||colbreak_no|||||||||colbreak_no||||||||||colbreak_no|||||||||&#187;][vc_column css=&#187;.vc_custom_1605784937859{margin-top: -130px !important;}&#187;][vc_row_inner drbt-responsive-css=&#187;62062750|colbreak_no|||||||||colbreak_no|210px||||||||colbreak_no|90px|||||||||colbreak_no|||||||||&#187;][vc_column_inner drbt-text-color=&#187;white&#187; width=&#187;1\/3&#8243;][\/vc_column_inner][vc_column_inner drbt-text-color=&#187;white&#187; width=&#187;1\/3&#8243; drbt-responsive-css=&#187;47012779|colbreak_no|||||||||colbreak_no|||||||||colbreak_no|30|||||||||colbreak_no|||||||||&#187;][\/vc_column_inner][vc_column_inner width=&#187;1\/3&#8243; drbt-responsive-css=&#187;91146408|colbreak_no|||||||||colbreak_no|||||||||colbreak_no|30|||||||||colbreak_no|||||||||&#187;][\/vc_column_inner][\/vc_row_inner][vc_empty_space][\/vc_column][\/vc_row][vc_row drbt-bg-color=&#187;globalcolor&#187; drbt-bg-image-position=&#187;center-center&#187; drbt-bg-image-color-order=&#187;image-over-color&#187; full_width=&#187;stretch_row&#187; equal_height=&#187;yes&#187; content_placement=&#187;middle&#187; css=&#187;.vc_custom_1632486403399{padding-top: 0px !important;padding-bottom: 0px !important;background-image: url(https:\/\/consey.designerbyte.com\/datasite\/wp-content\/uploads\/sites\/8\/2020\/02\/trans-pattern.png?id=12625) !important;background-position: 0 0 !important;background-repeat: repeat !important;}&#187;][vc_column width=&#187;1\/4&#8243; css=&#187;.vc_custom_1581392576964{margin-top: 95px !important;margin-bottom: 90px !important;}&#187;][vc_row_inner drbt-text-color=&#187;blackish&#187; drbt-bg-color=&#187;white&#187; drbt-zindex=&#187;2&#8243; el_class=&#187;drbt-box-shadow-1 drbt-border-radius-1&#8243; css=&#187;.vc_custom_1581392741101{margin-right: -230px !important;margin-left: 0px !important;padding-top: 35px !important;padding-right: 35px !important;padding-bottom: 15px !important;padding-left: 25px !important;}&#187; drbt-responsive-css=&#187;70826736|colbreak_no|||||||||colbreak_no|||||||||colbreak_no||-15||||15||15||colbreak_no|||||||||&#187;][vc_column_inner][vc_custom_heading text=&#187;\u041e\u0442\u043f\u0440\u0430\u0432\u0438\u0442\u044c \u0437\u0430\u043f\u0440\u043e\u0441&#187; font_container=&#187;tag:h5|font_size:24px|text_align:left|line_height:36px&#187; use_theme_fonts=&#187;yes&#187; css=&#187;.vc_custom_1659525340963{margin-bottom: 20px !important;}&#187; el_class=&#187;drbt-f-weight-700&#8243;]\n<div class=\"wpcf7 no-js\" id=\"wpcf7-f15163-o1\" lang=\"en-US\" dir=\"ltr\">\n<div class=\"screen-reader-response\"><p role=\"status\" aria-live=\"polite\" aria-atomic=\"true\"><\/p> <ul><\/ul><\/div>\n<form action=\"\/ru\/wp-json\/wp\/v2\/pages\/15176#wpcf7-f15163-o1\" method=\"post\" class=\"wpcf7-form init\" aria-label=\"Contact form\" novalidate=\"novalidate\" data-status=\"init\">\n<div style=\"display: none;\">\n<input type=\"hidden\" name=\"_wpcf7\" value=\"15163\" \/>\n<input type=\"hidden\" name=\"_wpcf7_version\" value=\"5.8\" \/>\n<input type=\"hidden\" name=\"_wpcf7_locale\" value=\"en_US\" \/>\n<input type=\"hidden\" name=\"_wpcf7_unit_tag\" value=\"wpcf7-f15163-o1\" \/>\n<input type=\"hidden\" name=\"_wpcf7_container_post\" value=\"0\" \/>\n<input type=\"hidden\" name=\"_wpcf7_posted_data_hash\" value=\"\" \/>\n<input type=\"hidden\" name=\"_wpcf7_recaptcha_response\" value=\"\" \/>\n<\/div>\n<div class=\"drbt-main-form drbt-form-style-3\">\n\t<div class=\"row\">\n\t\t<div class=\"col-sm-12\">\n\t\t\t<div class=\"input-group\">\n\t\t\t\t<p><span class=\"wpcf7-form-control-wrap\" data-name=\"ldr-name\"><input size=\"40\" class=\"wpcf7-form-control wpcf7-text wpcf7-validates-as-required\" aria-required=\"true\" aria-invalid=\"false\" placeholder=\"\u0418\u043c\u044f*\" value=\"\" type=\"text\" name=\"ldr-name\" \/><\/span>\n\t\t\t\t<\/p>\n\t\t\t<\/div>\n\t\t<\/div>\n\t\t<div class=\"col-sm-12\">\n\t\t\t<div class=\"input-group\">\n\t\t\t\t<p><span class=\"wpcf7-form-control-wrap\" data-name=\"ldr-email\"><input size=\"40\" class=\"wpcf7-form-control wpcf7-email wpcf7-validates-as-required wpcf7-text wpcf7-validates-as-email\" aria-required=\"true\" aria-invalid=\"false\" placeholder=\"\u042d\u043b. \u043f\u043e\u0447\u0442\u0430*\" value=\"\" type=\"email\" name=\"ldr-email\" \/><\/span>\n\t\t\t\t<\/p>\n\t\t\t<\/div>\n\t\t<\/div>\n\t\t<div class=\"col-sm-12\">\n\t\t\t<div class=\"input-group\">\n\t\t\t\t<p><span class=\"wpcf7-form-control-wrap\" data-name=\"ldr-phone\"><input size=\"40\" class=\"wpcf7-form-control wpcf7-text\" aria-invalid=\"false\" placeholder=\"\u0422\u0435\u043b\u0435\u0444\u043e\u043d\" value=\"\" type=\"text\" name=\"ldr-phone\" \/><\/span>\n\t\t\t\t<\/p>\n\t\t\t<\/div>\n\t\t<\/div>\n\t\t<div class=\"col-sm-12\">\n\t\t\t<div class=\"input-group\">\n\t\t\t\t<p><span class=\"wpcf7-form-control-wrap\" data-name=\"ldr-message\"><textarea cols=\"10\" rows=\"5\" class=\"wpcf7-form-control wpcf7-textarea wpcf7-validates-as-required\" aria-required=\"true\" aria-invalid=\"false\" placeholder=\"\u0421\u043e\u043e\u0431\u0449\u0435\u043d\u0438\u0435*\" name=\"ldr-message\"><\/textarea><\/span>\n\t\t\t\t<\/p>\n\t\t\t<\/div>\n\t\t<\/div>\n\t\t<div class=\"col-sm-12\">\n\t\t\t<div class=\"input-button\">\n\t\t\t\t<p><button id='submit' class='wpcf7-form-control wpcf7-submit'>\u041e\u0442\u043f\u0440\u0430\u0432\u0438\u0442\u044c<\/button>\n\t\t\t\t<\/p>\n\t\t\t<\/div>\n\t\t<\/div>\n\t<\/div>\n<\/div><div class=\"wpcf7-response-output\" aria-hidden=\"true\"><\/div>\n<\/form>\n<\/div>\n[\/vc_column_inner][\/vc_row_inner][\/vc_column][vc_column drbt-zindex=&#187;1&#8243; drbt-extended-column=&#187;right&#187; width=&#187;3\/4&#8243; drbt-strech-content=&#187;yes&#187; css=&#187;.vc_custom_1631093586109{background-image: url(http:\/\/consey.designerbyte.com\/datasite\/wp-content\/uploads\/sites\/8\/2021\/09\/img-02.jpg?id=14603) !important;background-position: center !important;background-repeat: no-repeat !important;background-size: cover !important;}&#187; el_class=&#187;drbt-extend-colum-left-767 drbt-margin-wpb_wrpper-0&#8243; drbt-responsive-css=&#187;16766690|colbreak_no|||||||||colbreak_no|||||||||colbreak_no|||||230||230|||colbreak_no|||||||||&#187;][\/vc_column][\/vc_row][vc_row drbt-bg-color=&#187;light&#187; full_width=&#187;stretch_row&#187; css=&#187;.vc_custom_1605788280197{padding-top: 100px !important;padding-bottom: 60px !important;}&#187; drbt-responsive-css=&#187;39682513|colbreak_no|||||80||40||colbreak_no|||||||||colbreak_no|||||60px||20px|||colbreak_no|||||||||&#187;][vc_column]<div  class=\"designerbyte-element designerbyte-element-blog drbt-element-blog-style-2 designerbyte-element-viewtype-row-column drbt-sortable-no\" data-show=\"3\" data-columns=\"3\" data-loop=\"false\" data-autoplay=\"false\" data-center=\"false\" data-nav=\"false\" data-dots=\"false\" data-autoplayspeed=\"1000\" data-margin=\"\"><div class=\"designerbyte-element-inner\"><div class=\"drbt-ele-header-area\"><\/div><div class=\"drbt-element-posts-wrapper row multi-columns-row\"><div class=\"drbt-ele drbt-blog-ele col-md-4 %d0%b1%d0%b5%d0%b7-%d0%ba%d0%b0%d1%82%d0%b5%d0%b3%d0%be%d1%80%d0%b8%d0%b8\"><article class=\"designerbyte-ele designerbyte-ele-blog drbt-blogbox-style-2 post-17694 post type-post status-publish format-standard has-post-thumbnail hentry category-40\">\n\t<div class=\"post-item\">\n\t\t<div class=\"designerbyte-box-content\">\t\n\t\t\t<div class=\"drbt-meta-date\"><span>\u041e\u043a\u0442 04, 24<\/span><\/div>\t\t\t\n\t\t\t<h3 class=\"drbt-post-title\"><a href=\"https:\/\/www.likvideerimine.ee\/ru\/2024\/10\/04\/ettevotte-likvideerimine\/\">Ettev\u00f5tte likvideerimine<\/a><\/h3>\n\t\t\t<div class=\"designerbyte-box-desc\">\n\t\t\t\t<div class=\"designerbyte-box-desc-text\">\n\t\t\t\t\tO\u00dc Likvideerimisteenused on spetsialiseerunud ettev\u00f5tete likvideerimise ja l\u00f5petamise protsesside sujuvaks ning professionaalseks l\u00e4biviimiseks.&hellip;\t\t\t\t\t\n\t\t\t\t<\/div>\t\t\n\t\t\t\t<div class=\"drbt-read-more-link\"><a href=\"https:\/\/www.likvideerimine.ee\/ru\/2024\/10\/04\/ettevotte-likvideerimine\/\"><span>Read More<\/span><\/a><\/div>\t\n\t\t\t<\/div>\n\t\t\t<div class=\"drbt-meta-container\">\n\t\t\t\t<div class=\"drbt-meta-author-wrapper drbt-meta-line\">\t\t\t\t\t\n\t\t\t\t\t<a href=\"https:\/\/www.likvideerimine.ee\/ru\/author\/turundus\/\" title=\"Posted by turundus\" rel=\"author\"><i class=\"drbt-base-icon-user\"><\/i> by turundus<\/a>\n\t\t\t\t<\/div>\n\t\t\t\t<div class=\"drbt-meta-date-wrapper drbt-meta-line\">\t\t\t\t\t\n\t\t\t\t\t<div class=\"drbt-meta-category\"><i class=\"drbt-base-icon-folder-open-empty\"><\/i> <a href=\"https:\/\/www.likvideerimine.ee\/ru\/category\/%d0%b1%d0%b5%d0%b7-%d0%ba%d0%b0%d1%82%d0%b5%d0%b3%d0%be%d1%80%d0%b8%d0%b8\/\" rel=\"category tag\">\u0411\u0435\u0437 \u043a\u0430\u0442\u0435\u0433\u043e\u0440\u0438\u0438<\/a><\/div>\t\n\t\t\t\t<\/div>\t\t\t\t\n\t\t\t\t<div class=\"drbt-meta-date-wrapper drbt-meta-line\">\t\n\t\t\t\t\t<i class=\"drbt-base-icon-comment-empty\"><\/i> <span class=\"drbt-meta drbt-meta-comments\">0<\/span>\n\t\t\t\t<\/div>\n\t\t\t\t\t\t\t\t\n\t\t\t\t\t\t\t<\/div>\n\t\t<\/div>\n\t<\/div>\n<\/article><\/div><div class=\"drbt-ele drbt-blog-ele col-md-4 uncategorized-et\"><article class=\"designerbyte-ele designerbyte-ele-blog drbt-blogbox-style-2 post-15373 post type-post status-publish format-image has-post-thumbnail hentry category-uncategorized-et post_format-post-format-image\">\n\t<div class=\"post-item\">\n\t\t<div class=\"designerbyte-box-content\">\t\n\t\t\t<div class=\"drbt-meta-date\"><span>\u0410\u0432\u0433 04, 22<\/span><\/div>\t\t\t\n\t\t\t<h3 class=\"drbt-post-title\"><a href=\"https:\/\/www.likvideerimine.ee\/ru\/2022\/08\/04\/muudatused-saneerimisseaduses-pankrotiseaduses-ja-uus-fuusilise-isiku-maksejouetuse-seadus\/\">Muudatused saneerimisseaduses, pankrotiseaduses ja uus f\u00fc\u00fcsilise isiku maksej\u00f5uetuse seadus.<\/a><\/h3>\n\t\t\t<div class=\"designerbyte-box-desc\">\n\t\t\t\t<div class=\"designerbyte-box-desc-text\">\n\t\t\t\t\t1. juulist 2022 j\u00f5ustusid olulised muudatused saneerimisseaduses (SanS) ja pankrotiseaduses (PankrS). T\u00e4iesti uue&hellip;\t\t\t\t\t\n\t\t\t\t<\/div>\t\t\n\t\t\t\t<div class=\"drbt-read-more-link\"><a href=\"https:\/\/www.likvideerimine.ee\/ru\/2022\/08\/04\/muudatused-saneerimisseaduses-pankrotiseaduses-ja-uus-fuusilise-isiku-maksejouetuse-seadus\/\"><span>Read More<\/span><\/a><\/div>\t\n\t\t\t<\/div>\n\t\t\t<div class=\"drbt-meta-container\">\n\t\t\t\t<div class=\"drbt-meta-author-wrapper drbt-meta-line\">\t\t\t\t\t\n\t\t\t\t\t<a href=\"https:\/\/www.likvideerimine.ee\/ru\/author\/likvideerimine\/\" title=\"Posted by Likvideerimine\" rel=\"author\"><i class=\"drbt-base-icon-user\"><\/i> by Likvideerimine<\/a>\n\t\t\t\t<\/div>\n\t\t\t\t<div class=\"drbt-meta-date-wrapper drbt-meta-line\">\t\t\t\t\t\n\t\t\t\t\t<div class=\"drbt-meta-category\"><i class=\"drbt-base-icon-folder-open-empty\"><\/i> <a href=\"https:\/\/www.likvideerimine.ee\/category\/uncategorized-et\/\" rel=\"category tag\">Uncategorized @et<\/a><\/div>\t\n\t\t\t\t<\/div>\t\t\t\t\n\t\t\t\t<div class=\"drbt-meta-date-wrapper drbt-meta-line\">\t\n\t\t\t\t\t<i class=\"drbt-base-icon-comment-empty\"><\/i> <span class=\"drbt-meta drbt-meta-comments\">0<\/span>\n\t\t\t\t<\/div>\n\t\t\t\t\t\t\t\t\n\t\t\t\t\t\t\t<\/div>\n\t\t<\/div>\n\t<\/div>\n<\/article><\/div><div class=\"drbt-ele drbt-blog-ele col-md-4 %d0%b1%d0%b5%d0%b7-%d0%ba%d0%b0%d1%82%d0%b5%d0%b3%d0%be%d1%80%d0%b8%d0%b8\"><article class=\"designerbyte-ele designerbyte-ele-blog drbt-blogbox-style-2 post-15362 post type-post status-publish format-image has-post-thumbnail hentry category-40 post_format-post-format-image\">\n\t<div class=\"post-item\">\n\t\t<div class=\"designerbyte-box-content\">\t\n\t\t\t<div class=\"drbt-meta-date\"><span>\u0418\u044e\u043d 29, 19<\/span><\/div>\t\t\t\n\t\t\t<h3 class=\"drbt-post-title\"><a href=\"https:\/\/www.likvideerimine.ee\/ru\/2019\/06\/29\/kuidas-ou-tamisest-hoiduda\/\">Kuidas O\u00dc-tamisest hoiduda<\/a><\/h3>\n\t\t\t<div class=\"designerbyte-box-desc\">\n\t\t\t\t<div class=\"designerbyte-box-desc-text\">\n\t\t\t\t\tViimased riigikohtu otsused on andud ettev\u00f5tjale selgemad piirid, millal on ettev\u00f5tte kaudu teenuse&hellip;\t\t\t\t\t\n\t\t\t\t<\/div>\t\t\n\t\t\t\t<div class=\"drbt-read-more-link\"><a href=\"https:\/\/www.likvideerimine.ee\/ru\/2019\/06\/29\/kuidas-ou-tamisest-hoiduda\/\"><span>Read More<\/span><\/a><\/div>\t\n\t\t\t<\/div>\n\t\t\t<div class=\"drbt-meta-container\">\n\t\t\t\t<div class=\"drbt-meta-author-wrapper drbt-meta-line\">\t\t\t\t\t\n\t\t\t\t\t<a href=\"https:\/\/www.likvideerimine.ee\/ru\/author\/turundus\/\" title=\"Posted by turundus\" rel=\"author\"><i class=\"drbt-base-icon-user\"><\/i> by turundus<\/a>\n\t\t\t\t<\/div>\n\t\t\t\t<div class=\"drbt-meta-date-wrapper drbt-meta-line\">\t\t\t\t\t\n\t\t\t\t\t<div class=\"drbt-meta-category\"><i class=\"drbt-base-icon-folder-open-empty\"><\/i> <a href=\"https:\/\/www.likvideerimine.ee\/ru\/category\/%d0%b1%d0%b5%d0%b7-%d0%ba%d0%b0%d1%82%d0%b5%d0%b3%d0%be%d1%80%d0%b8%d0%b8\/\" rel=\"category tag\">\u0411\u0435\u0437 \u043a\u0430\u0442\u0435\u0433\u043e\u0440\u0438\u0438<\/a><\/div>\t\n\t\t\t\t<\/div>\t\t\t\t\n\t\t\t\t<div class=\"drbt-meta-date-wrapper drbt-meta-line\">\t\n\t\t\t\t\t<i class=\"drbt-base-icon-comment-empty\"><\/i> <span class=\"drbt-meta drbt-meta-comments\">0<\/span>\n\t\t\t\t<\/div>\n\t\t\t\t\t\t\t\t\n\t\t\t\t\t\t\t<\/div>\n\t\t<\/div>\n\t<\/div>\n<\/article><\/div><\/div><\/div><!-- .designerbyte-element-inner -->   <\/div><!-- .designerbyte-element -->  [\/vc_column][\/vc_row]<\/p>\n","protected":false},"excerpt":{"rendered":"<p>[vc_row drbt-responsive-css=&#187;67292476|colbreak_no|||||||||colbreak_no|||||||||colbreak_no||||||||||colbreak_no|||||||||&#187;][vc_column css=&#187;.vc_custom_1605784937859{margin-top: -130px !important;}&#187;][vc_row_inner drbt-responsive-css=&#187;62062750|colbreak_no|||||||||colbreak_no|210px||||||||colbreak_no|90px|||||||||colbreak_no|||||||||&#187;][vc_column_inner drbt-text-color=&#187;white&#187; width=&#187;1\/3&#8243;][\/vc_column_inner][vc_column_inner drbt-text-color=&#187;white&#187; width=&#187;1\/3&#8243; drbt-responsive-css=&#187;47012779|colbreak_no|||||||||colbreak_no|||||||||colbreak_no|30|||||||||colbreak_no|||||||||&#187;][\/vc_column_inner][vc_column_inner width=&#187;1\/3&#8243; drbt-responsive-css=&#187;91146408|colbreak_no|||||||||colbreak_no|||||||||colbreak_no|30|||||||||colbreak_no|||||||||&#187;][\/vc_column_inner][\/vc_row_inner][vc_empty_space][\/vc_column][\/vc_row][vc_row drbt-bg-color=&#187;globalcolor&#187; drbt-bg-image-position=&#187;center-center&#187; drbt-bg-image-color-order=&#187;image-over-color&#187; full_width=&#187;stretch_row&#187; equal_height=&#187;yes&#187; content_placement=&#187;middle&#187; css=&#187;.vc_custom_1632486403399{padding-top: 0px !important;padding-bottom: 0px !important;background-image: url(https:\/\/consey.designerbyte.com\/datasite\/wp-content\/uploads\/sites\/8\/2020\/02\/trans-pattern.png?id=12625) !important;background-position: 0 0 !important;background-repeat: repeat !important;}&#187;][vc_column width=&#187;1\/4&#8243; css=&#187;.vc_custom_1581392576964{margin-top: 95px !important;margin-bottom: 90px !important;}&#187;][vc_row_inner drbt-text-color=&#187;blackish&#187; drbt-bg-color=&#187;white&#187; drbt-zindex=&#187;2&#8243; el_class=&#187;drbt-box-shadow-1 drbt-border-radius-1&#8243; css=&#187;.vc_custom_1581392741101{margin-right: -230px !important;margin-left: 0px !important;padding-top: 35px !important;padding-right: 35px !important;padding-bottom: 15px !important;padding-left: 25px !important;}&#187; [&hellip;]<\/p>\n","protected":false},"author":1,"featured_media":0,"parent":0,"menu_order":5,"comment_status":"closed","ping_status":"closed","template":"","meta":{"footnotes":""},"class_list":["post-15176","page","type-page","status-publish","hentry"],"acf":[],"_links":{"self":[{"href":"https:\/\/www.likvideerimine.ee\/ru\/wp-json\/wp\/v2\/pages\/15176"}],"collection":[{"href":"https:\/\/www.likvideerimine.ee\/ru\/wp-json\/wp\/v2\/pages"}],"about":[{"href":"https:\/\/www.likvideerimine.ee\/ru\/wp-json\/wp\/v2\/types\/page"}],"author":[{"embeddable":true,"href":"https:\/\/www.likvideerimine.ee\/ru\/wp-json\/wp\/v2\/users\/1"}],"replies":[{"embeddable":true,"href":"https:\/\/www.likvideerimine.ee\/ru\/wp-json\/wp\/v2\/comments?post=15176"}],"version-history":[{"count":10,"href":"https:\/\/www.likvideerimine.ee\/ru\/wp-json\/wp\/v2\/pages\/15176\/revisions"}],"predecessor-version":[{"id":15355,"href":"https:\/\/www.likvideerimine.ee\/ru\/wp-json\/wp\/v2\/pages\/15176\/revisions\/15355"}],"wp:attachment":[{"href":"https:\/\/www.likvideerimine.ee\/ru\/wp-json\/wp\/v2\/media?parent=15176"}],"curies":[{"name":"wp","href":"https:\/\/api.w.org\/{rel}","templated":true}]}}