{"id":15025,"date":"2019-06-18T06:15:17","date_gmt":"2019-06-18T06:15:17","guid":{"rendered":"https:\/\/turundus.eu\/leht\/likvideerimine\/?page_id=15025"},"modified":"2022-05-24T08:00:46","modified_gmt":"2022-05-24T08:00:46","slug":"%d0%bd%d0%be%d0%b2%d0%be%d1%81%d1%82%d0%b8","status":"publish","type":"page","link":"https:\/\/www.likvideerimine.ee\/ru\/%d0%bd%d0%be%d0%b2%d0%be%d1%81%d1%82%d0%b8\/","title":{"rendered":"\u041d\u043e\u0432\u043e\u0441\u0442\u0438"},"content":{"rendered":"<p>[vc_row drbt-bg-color=&#187;white&#187; css=&#187;.vc_custom_1630997330110{padding-bottom: 50px !important;}&#187; drbt-responsive-css=&#187;81028142|colbreak_no|||||||||colbreak_no|||||80||30||colbreak_no|||||70||20|||colbreak_no|||||||||&#187;][vc_column]<div  class=\"designerbyte-element designerbyte-element-blog drbt-element-blog-style-1 designerbyte-element-viewtype-row-column drbt-sortable-no\" data-show=\"-1\" data-columns=\"3\" data-loop=\"false\" data-autoplay=\"false\" data-center=\"false\" data-nav=\"false\" data-dots=\"false\" data-autoplayspeed=\"1000\" data-margin=\"\"><div class=\"designerbyte-element-inner\"><div class=\"drbt-ele-header-area\"><\/div><div class=\"drbt-element-posts-wrapper row multi-columns-row\"><div class=\"drbt-ele drbt-blog-ele col-md-4 %d0%b1%d0%b5%d0%b7-%d0%ba%d0%b0%d1%82%d0%b5%d0%b3%d0%be%d1%80%d0%b8%d0%b8\"><article class=\"designerbyte-ele designerbyte-ele-blog drbt-blogbox-style-1 post-17694 post type-post status-publish format-standard has-post-thumbnail hentry category-40\">\n\t<div class=\"post-item\">\n\t\t<div class=\"drbt-featured-container\">\n\t\t\t<div class=\"drbt-featured-wrapper\"><a href=\"https:\/\/www.likvideerimine.ee\/ru\/2024\/10\/04\/ettevotte-likvideerimine\/\"><img loading=\"lazy\" decoding=\"async\" width=\"600\" height=\"500\" src=\"https:\/\/www.likvideerimine.ee\/wp-content\/uploads\/2024\/10\/usaldusvaarne1-600x500.jpg\" class=\"attachment-drbt-img-770x500 size-drbt-img-770x500 wp-post-image\" alt=\"\" data-id=\"17688\" \/><\/a><\/div>\t\t\t<div class=\"drbt-meta-date\">04<span>\u041e\u043a\u0442<\/span><\/div>\t \t\t\t\n\t\t<\/div>\n\t\t<div class=\"designerbyte-box-content\">\t\n\t\t\t<div class=\"drbt-meta-container\">\n\t\t\t\t<div class=\"drbt-meta-author-wrapper drbt-meta-line\">\t\t\t\t\t\n\t\t\t\t\t<a href=\"https:\/\/www.likvideerimine.ee\/ru\/author\/turundus\/\" title=\"Posted by turundus\" rel=\"author\"><i class=\"drbt-base-icon-user-1\"><\/i> by turundus<\/a>\n\t\t\t\t<\/div>\n\t\t\t\t<div class=\"drbt-meta-date-wrapper drbt-meta-line\">\t\t\t\t\t\n\t\t\t\t\t<div class=\"drbt-meta-category\"><i class=\"drbt-base-icon-folder-open-empty\"><\/i> <a href=\"https:\/\/www.likvideerimine.ee\/ru\/category\/%d0%b1%d0%b5%d0%b7-%d0%ba%d0%b0%d1%82%d0%b5%d0%b3%d0%be%d1%80%d0%b8%d0%b8\/\" rel=\"category tag\">\u0411\u0435\u0437 \u043a\u0430\u0442\u0435\u0433\u043e\u0440\u0438\u0438<\/a><\/div>\t\n\t\t\t\t<\/div>\t\t\t\t\n\t\t\t\t<div class=\"drbt-meta-date-wrapper drbt-meta-line\">\t\n\t\t\t\t\t<i class=\"drbt-base-icon-comment-empty\"><\/i> <span class=\"drbt-meta drbt-meta-comments\">0<\/span>\n\t\t\t\t<\/div>\n\t\t\t\t\t\t\t\t\n\t\t\t\t\t\t\t<\/div>\n\t\t\t<h3 class=\"drbt-post-title\"><a href=\"https:\/\/www.likvideerimine.ee\/ru\/2024\/10\/04\/ettevotte-likvideerimine\/\">Ettev\u00f5tte likvideerimine<\/a><\/h3>\n\t\t\t<div class=\"designerbyte-box-desc\">\n\t\t\t\t<div class=\"designerbyte-box-desc-text\">\n\t\t\t\t\tO\u00dc Likvideerimisteenused on spetsialiseerunud ettev\u00f5tete likvideerimise ja l\u00f5petamise protsesside sujuvaks ning professionaalseks l\u00e4biviimiseks.&hellip;\t\t\t\t\t\n\t\t\t\t<\/div>\t\t\n\t\t\t\t<div class=\"drbt-read-more-link\"><a href=\"https:\/\/www.likvideerimine.ee\/ru\/2024\/10\/04\/ettevotte-likvideerimine\/\"><span>Read More<\/span><\/a><\/div>\t\n\t\t\t<\/div>\n\t\t<\/div>\n\t<\/div>\n<\/article><\/div><div class=\"drbt-ele drbt-blog-ele col-md-4 uncategorized-et\"><article class=\"designerbyte-ele designerbyte-ele-blog drbt-blogbox-style-1 post-15373 post type-post status-publish format-image has-post-thumbnail hentry category-uncategorized-et post_format-post-format-image\">\n\t<div class=\"post-item\">\n\t\t<div class=\"drbt-featured-container\">\n\t\t\t<div class=\"drbt-featured-wrapper\"><a href=\"https:\/\/www.likvideerimine.ee\/ru\/2022\/08\/04\/muudatused-saneerimisseaduses-pankrotiseaduses-ja-uus-fuusilise-isiku-maksejouetuse-seadus\/\"><img loading=\"lazy\" decoding=\"async\" width=\"480\" height=\"300\" src=\"https:\/\/www.likvideerimine.ee\/wp-content\/uploads\/2022\/06\/pic1.jpg\" class=\"attachment-drbt-img-770x500 size-drbt-img-770x500 wp-post-image\" alt=\"\" srcset=\"https:\/\/www.likvideerimine.ee\/wp-content\/uploads\/2022\/06\/pic1.jpg 480w, https:\/\/www.likvideerimine.ee\/wp-content\/uploads\/2022\/06\/pic1-300x188.jpg 300w\" sizes=\"(max-width: 480px) 100vw, 480px\" data-id=\"15254\" \/><\/a><\/div>\t\t\t<div class=\"drbt-meta-date\">04<span>\u0410\u0432\u0433<\/span><\/div>\t \t\t\t\n\t\t<\/div>\n\t\t<div class=\"designerbyte-box-content\">\t\n\t\t\t<div class=\"drbt-meta-container\">\n\t\t\t\t<div class=\"drbt-meta-author-wrapper drbt-meta-line\">\t\t\t\t\t\n\t\t\t\t\t<a href=\"https:\/\/www.likvideerimine.ee\/ru\/author\/likvideerimine\/\" title=\"Posted by Likvideerimine\" rel=\"author\"><i class=\"drbt-base-icon-user-1\"><\/i> by Likvideerimine<\/a>\n\t\t\t\t<\/div>\n\t\t\t\t<div class=\"drbt-meta-date-wrapper drbt-meta-line\">\t\t\t\t\t\n\t\t\t\t\t<div class=\"drbt-meta-category\"><i class=\"drbt-base-icon-folder-open-empty\"><\/i> <a href=\"https:\/\/www.likvideerimine.ee\/category\/uncategorized-et\/\" rel=\"category tag\">Uncategorized @et<\/a><\/div>\t\n\t\t\t\t<\/div>\t\t\t\t\n\t\t\t\t<div class=\"drbt-meta-date-wrapper drbt-meta-line\">\t\n\t\t\t\t\t<i class=\"drbt-base-icon-comment-empty\"><\/i> <span class=\"drbt-meta drbt-meta-comments\">0<\/span>\n\t\t\t\t<\/div>\n\t\t\t\t\t\t\t\t\n\t\t\t\t\t\t\t<\/div>\n\t\t\t<h3 class=\"drbt-post-title\"><a href=\"https:\/\/www.likvideerimine.ee\/ru\/2022\/08\/04\/muudatused-saneerimisseaduses-pankrotiseaduses-ja-uus-fuusilise-isiku-maksejouetuse-seadus\/\">Muudatused saneerimisseaduses, pankrotiseaduses ja uus f\u00fc\u00fcsilise isiku maksej\u00f5uetuse seadus.<\/a><\/h3>\n\t\t\t<div class=\"designerbyte-box-desc\">\n\t\t\t\t<div class=\"designerbyte-box-desc-text\">\n\t\t\t\t\t1. juulist 2022 j\u00f5ustusid olulised muudatused saneerimisseaduses (SanS) ja pankrotiseaduses (PankrS). T\u00e4iesti uue&hellip;\t\t\t\t\t\n\t\t\t\t<\/div>\t\t\n\t\t\t\t<div class=\"drbt-read-more-link\"><a href=\"https:\/\/www.likvideerimine.ee\/ru\/2022\/08\/04\/muudatused-saneerimisseaduses-pankrotiseaduses-ja-uus-fuusilise-isiku-maksejouetuse-seadus\/\"><span>Read More<\/span><\/a><\/div>\t\n\t\t\t<\/div>\n\t\t<\/div>\n\t<\/div>\n<\/article><\/div><div class=\"drbt-ele drbt-blog-ele col-md-4 %d0%b1%d0%b5%d0%b7-%d0%ba%d0%b0%d1%82%d0%b5%d0%b3%d0%be%d1%80%d0%b8%d0%b8\"><article class=\"designerbyte-ele designerbyte-ele-blog drbt-blogbox-style-1 post-15362 post type-post status-publish format-image has-post-thumbnail hentry category-40 post_format-post-format-image\">\n\t<div class=\"post-item\">\n\t\t<div class=\"drbt-featured-container\">\n\t\t\t<div class=\"drbt-featured-wrapper\"><a href=\"https:\/\/www.likvideerimine.ee\/ru\/2019\/06\/29\/kuidas-ou-tamisest-hoiduda\/\"><img loading=\"lazy\" decoding=\"async\" width=\"770\" height=\"500\" src=\"https:\/\/www.likvideerimine.ee\/wp-content\/uploads\/2022\/06\/business-design-designer-designing-770x500.jpg\" class=\"attachment-drbt-img-770x500 size-drbt-img-770x500 wp-post-image\" alt=\"\" data-id=\"15225\" \/><\/a><\/div>\t\t\t<div class=\"drbt-meta-date\">29<span>\u0418\u044e\u043d<\/span><\/div>\t \t\t\t\n\t\t<\/div>\n\t\t<div class=\"designerbyte-box-content\">\t\n\t\t\t<div class=\"drbt-meta-container\">\n\t\t\t\t<div class=\"drbt-meta-author-wrapper drbt-meta-line\">\t\t\t\t\t\n\t\t\t\t\t<a href=\"https:\/\/www.likvideerimine.ee\/ru\/author\/turundus\/\" title=\"Posted by turundus\" rel=\"author\"><i class=\"drbt-base-icon-user-1\"><\/i> by turundus<\/a>\n\t\t\t\t<\/div>\n\t\t\t\t<div class=\"drbt-meta-date-wrapper drbt-meta-line\">\t\t\t\t\t\n\t\t\t\t\t<div class=\"drbt-meta-category\"><i class=\"drbt-base-icon-folder-open-empty\"><\/i> <a href=\"https:\/\/www.likvideerimine.ee\/ru\/category\/%d0%b1%d0%b5%d0%b7-%d0%ba%d0%b0%d1%82%d0%b5%d0%b3%d0%be%d1%80%d0%b8%d0%b8\/\" rel=\"category tag\">\u0411\u0435\u0437 \u043a\u0430\u0442\u0435\u0433\u043e\u0440\u0438\u0438<\/a><\/div>\t\n\t\t\t\t<\/div>\t\t\t\t\n\t\t\t\t<div class=\"drbt-meta-date-wrapper drbt-meta-line\">\t\n\t\t\t\t\t<i class=\"drbt-base-icon-comment-empty\"><\/i> <span class=\"drbt-meta drbt-meta-comments\">0<\/span>\n\t\t\t\t<\/div>\n\t\t\t\t\t\t\t\t\n\t\t\t\t\t\t\t<\/div>\n\t\t\t<h3 class=\"drbt-post-title\"><a href=\"https:\/\/www.likvideerimine.ee\/ru\/2019\/06\/29\/kuidas-ou-tamisest-hoiduda\/\">Kuidas O\u00dc-tamisest hoiduda<\/a><\/h3>\n\t\t\t<div class=\"designerbyte-box-desc\">\n\t\t\t\t<div class=\"designerbyte-box-desc-text\">\n\t\t\t\t\tViimased riigikohtu otsused on andud ettev\u00f5tjale selgemad piirid, millal on ettev\u00f5tte kaudu teenuse&hellip;\t\t\t\t\t\n\t\t\t\t<\/div>\t\t\n\t\t\t\t<div class=\"drbt-read-more-link\"><a href=\"https:\/\/www.likvideerimine.ee\/ru\/2019\/06\/29\/kuidas-ou-tamisest-hoiduda\/\"><span>Read More<\/span><\/a><\/div>\t\n\t\t\t<\/div>\n\t\t<\/div>\n\t<\/div>\n<\/article><\/div><div class=\"drbt-ele drbt-blog-ele col-md-4 %d0%b1%d0%b5%d0%b7-%d0%ba%d0%b0%d1%82%d0%b5%d0%b3%d0%be%d1%80%d0%b8%d0%b8\"><article class=\"designerbyte-ele designerbyte-ele-blog drbt-blogbox-style-1 post-15379 post type-post status-publish format-standard has-post-thumbnail hentry category-40\">\n\t<div class=\"post-item\">\n\t\t<div class=\"drbt-featured-container\">\n\t\t\t<div class=\"drbt-featured-wrapper\"><a href=\"https:\/\/www.likvideerimine.ee\/ru\/2019\/06\/18\/kontrollid-kaibemaksuregistrisse-kandmisel\/\"><img loading=\"lazy\" decoding=\"async\" width=\"770\" height=\"500\" src=\"https:\/\/www.likvideerimine.ee\/wp-content\/uploads\/2021\/09\/img-02-770x500.jpg\" class=\"attachment-drbt-img-770x500 size-drbt-img-770x500 wp-post-image\" alt=\"\" data-id=\"14848\" \/><\/a><\/div>\t\t\t<div class=\"drbt-meta-date\">18<span>\u0418\u044e\u043d<\/span><\/div>\t \t\t\t\n\t\t<\/div>\n\t\t<div class=\"designerbyte-box-content\">\t\n\t\t\t<div class=\"drbt-meta-container\">\n\t\t\t\t<div class=\"drbt-meta-author-wrapper drbt-meta-line\">\t\t\t\t\t\n\t\t\t\t\t<a href=\"https:\/\/www.likvideerimine.ee\/ru\/author\/turundus\/\" title=\"Posted by turundus\" rel=\"author\"><i class=\"drbt-base-icon-user-1\"><\/i> by turundus<\/a>\n\t\t\t\t<\/div>\n\t\t\t\t<div class=\"drbt-meta-date-wrapper drbt-meta-line\">\t\t\t\t\t\n\t\t\t\t\t<div class=\"drbt-meta-category\"><i class=\"drbt-base-icon-folder-open-empty\"><\/i> <a href=\"https:\/\/www.likvideerimine.ee\/ru\/category\/%d0%b1%d0%b5%d0%b7-%d0%ba%d0%b0%d1%82%d0%b5%d0%b3%d0%be%d1%80%d0%b8%d0%b8\/\" rel=\"category tag\">\u0411\u0435\u0437 \u043a\u0430\u0442\u0435\u0433\u043e\u0440\u0438\u0438<\/a><\/div>\t\n\t\t\t\t<\/div>\t\t\t\t\n\t\t\t\t<div class=\"drbt-meta-date-wrapper drbt-meta-line\">\t\n\t\t\t\t\t<i class=\"drbt-base-icon-comment-empty\"><\/i> <span class=\"drbt-meta drbt-meta-comments\">0<\/span>\n\t\t\t\t<\/div>\n\t\t\t\t\t\t\t\t\n\t\t\t\t\t\t\t<\/div>\n\t\t\t<h3 class=\"drbt-post-title\"><a href=\"https:\/\/www.likvideerimine.ee\/ru\/2019\/06\/18\/kontrollid-kaibemaksuregistrisse-kandmisel\/\">Kontrollid k\u00e4ibemaksuregistrisse kandmisel<\/a><\/h3>\n\t\t\t<div class=\"designerbyte-box-desc\">\n\t\t\t\t<div class=\"designerbyte-box-desc-text\">\n\t\t\t\t\tMaksu- ja tolliameti kontrolliosakonna talitusejuhataja Monika J\u00f5esaar kirjutab k\u00e4ibemaksupettustest ja k\u00e4ibemaksuregistristisse kandmise tingimustest.&hellip;\t\t\t\t\t\n\t\t\t\t<\/div>\t\t\n\t\t\t\t<div class=\"drbt-read-more-link\"><a href=\"https:\/\/www.likvideerimine.ee\/ru\/2019\/06\/18\/kontrollid-kaibemaksuregistrisse-kandmisel\/\"><span>Read More<\/span><\/a><\/div>\t\n\t\t\t<\/div>\n\t\t<\/div>\n\t<\/div>\n<\/article><\/div><div class=\"drbt-ele drbt-blog-ele col-md-4 %d0%b1%d0%b5%d0%b7-%d0%ba%d0%b0%d1%82%d0%b5%d0%b3%d0%be%d1%80%d0%b8%d0%b8\"><article class=\"designerbyte-ele designerbyte-ele-blog drbt-blogbox-style-1 post-15385 post type-post status-publish format-standard has-post-thumbnail hentry category-40\">\n\t<div class=\"post-item\">\n\t\t<div class=\"drbt-featured-container\">\n\t\t\t<div class=\"drbt-featured-wrapper\"><a href=\"https:\/\/www.likvideerimine.ee\/ru\/2019\/06\/10\/maksu-ja-tolliamet-hakkas-uut-e-maksuameti-keskkonda-tegema\/\"><img loading=\"lazy\" decoding=\"async\" width=\"770\" height=\"500\" src=\"https:\/\/www.likvideerimine.ee\/wp-content\/uploads\/2019\/06\/img-01-770x500.jpg\" class=\"attachment-drbt-img-770x500 size-drbt-img-770x500 wp-post-image\" alt=\"\" data-id=\"14846\" \/><\/a><\/div>\t\t\t<div class=\"drbt-meta-date\">10<span>\u0418\u044e\u043d<\/span><\/div>\t \t\t\t\n\t\t<\/div>\n\t\t<div class=\"designerbyte-box-content\">\t\n\t\t\t<div class=\"drbt-meta-container\">\n\t\t\t\t<div class=\"drbt-meta-author-wrapper drbt-meta-line\">\t\t\t\t\t\n\t\t\t\t\t<a href=\"https:\/\/www.likvideerimine.ee\/ru\/author\/turundus\/\" title=\"Posted by turundus\" rel=\"author\"><i class=\"drbt-base-icon-user-1\"><\/i> by turundus<\/a>\n\t\t\t\t<\/div>\n\t\t\t\t<div class=\"drbt-meta-date-wrapper drbt-meta-line\">\t\t\t\t\t\n\t\t\t\t\t<div class=\"drbt-meta-category\"><i class=\"drbt-base-icon-folder-open-empty\"><\/i> <a href=\"https:\/\/www.likvideerimine.ee\/ru\/category\/%d0%b1%d0%b5%d0%b7-%d0%ba%d0%b0%d1%82%d0%b5%d0%b3%d0%be%d1%80%d0%b8%d0%b8\/\" rel=\"category tag\">\u0411\u0435\u0437 \u043a\u0430\u0442\u0435\u0433\u043e\u0440\u0438\u0438<\/a><\/div>\t\n\t\t\t\t<\/div>\t\t\t\t\n\t\t\t\t<div class=\"drbt-meta-date-wrapper drbt-meta-line\">\t\n\t\t\t\t\t<i class=\"drbt-base-icon-comment-empty\"><\/i> <span class=\"drbt-meta drbt-meta-comments\">0<\/span>\n\t\t\t\t<\/div>\n\t\t\t\t\t\t\t\t\n\t\t\t\t\t\t\t<\/div>\n\t\t\t<h3 class=\"drbt-post-title\"><a href=\"https:\/\/www.likvideerimine.ee\/ru\/2019\/06\/10\/maksu-ja-tolliamet-hakkas-uut-e-maksuameti-keskkonda-tegema\/\">Maksu- ja tolliamet hakkas uut e-maksuameti keskkonda tegema<\/a><\/h3>\n\t\t\t<div class=\"designerbyte-box-desc\">\n\t\t\t\t<div class=\"designerbyte-box-desc-text\">\n\t\t\t\t\t[vc_row][vc_column][vc_column_text] Maksu-ja tolliamet alustab oma viimaste aastate \u00fcht mahukamat projekti \u2013 viie aastaga&hellip;\t\t\t\t\t\n\t\t\t\t<\/div>\t\t\n\t\t\t\t<div class=\"drbt-read-more-link\"><a href=\"https:\/\/www.likvideerimine.ee\/ru\/2019\/06\/10\/maksu-ja-tolliamet-hakkas-uut-e-maksuameti-keskkonda-tegema\/\"><span>Read More<\/span><\/a><\/div>\t\n\t\t\t<\/div>\n\t\t<\/div>\n\t<\/div>\n<\/article><\/div><\/div><\/div><!-- .designerbyte-element-inner -->   <\/div><!-- .designerbyte-element -->  [\/vc_column][\/vc_row]<\/p>\n","protected":false},"excerpt":{"rendered":"<p>[vc_row drbt-bg-color=&#187;white&#187; css=&#187;.vc_custom_1630997330110{padding-bottom: 50px !important;}&#187; drbt-responsive-css=&#187;81028142|colbreak_no|||||||||colbreak_no|||||80||30||colbreak_no|||||70||20|||colbreak_no|||||||||&#187;][vc_column][\/vc_column][\/vc_row]<\/p>\n","protected":false},"author":1,"featured_media":0,"parent":0,"menu_order":19,"comment_status":"closed","ping_status":"closed","template":"","meta":{"footnotes":""},"class_list":["post-15025","page","type-page","status-publish","hentry"],"acf":[],"_links":{"self":[{"href":"https:\/\/www.likvideerimine.ee\/ru\/wp-json\/wp\/v2\/pages\/15025"}],"collection":[{"href":"https:\/\/www.likvideerimine.ee\/ru\/wp-json\/wp\/v2\/pages"}],"about":[{"href":"https:\/\/www.likvideerimine.ee\/ru\/wp-json\/wp\/v2\/types\/page"}],"author":[{"embeddable":true,"href":"https:\/\/www.likvideerimine.ee\/ru\/wp-json\/wp\/v2\/users\/1"}],"replies":[{"embeddable":true,"href":"https:\/\/www.likvideerimine.ee\/ru\/wp-json\/wp\/v2\/comments?post=15025"}],"version-history":[{"count":2,"href":"https:\/\/www.likvideerimine.ee\/ru\/wp-json\/wp\/v2\/pages\/15025\/revisions"}],"predecessor-version":[{"id":15027,"href":"https:\/\/www.likvideerimine.ee\/ru\/wp-json\/wp\/v2\/pages\/15025\/revisions\/15027"}],"wp:attachment":[{"href":"https:\/\/www.likvideerimine.ee\/ru\/wp-json\/wp\/v2\/media?parent=15025"}],"curies":[{"name":"wp","href":"https:\/\/api.w.org\/{rel}","templated":true}]}}